{"id":8,"date":"2023-09-04T14:26:12","date_gmt":"2023-09-04T17:26:12","guid":{"rendered":"https:\/\/angolaouro.com.br\/?page_id=8"},"modified":"2025-06-04T12:17:57","modified_gmt":"2025-06-04T15:17:57","slug":"inicio","status":"publish","type":"page","link":"https:\/\/angolaouro.com.br\/","title":{"rendered":"In\u00edcio"},"content":{"rendered":"<style>\/*! elementor - v3.15.0 - 20-08-2023 *\/<br \/>\n.elementor-heading-title{padding:0;margin:0;line-height:1}.elementor-widget-heading .elementor-heading-title[class*=elementor-size-]>a{color:inherit;font-size:inherit;line-height:inherit}.elementor-widget-heading .elementor-heading-title.elementor-size-small{font-size:15px}.elementor-widget-heading .elementor-heading-title.elementor-size-medium{font-size:19px}.elementor-widget-heading .elementor-heading-title.elementor-size-large{font-size:29px}.elementor-widget-heading .elementor-heading-title.elementor-size-xl{font-size:39px}.elementor-widget-heading .elementor-heading-title.elementor-size-xxl{font-size:59px}<\/style>\n<h5>Primeiro verso eu canto a Deus, sempre em forma de respeito.<\/h5>\n<style>\/*! elementor - v3.15.0 - 20-08-2023 *\/<br \/>\n.elementor-widget-image{text-align:center}.elementor-widget-image a{display:inline-block}.elementor-widget-image a img[src$=\".svg\"]{width:48px}.elementor-widget-image img{vertical-align:middle;display:inline-block}<\/style>\n<p>\t\t\t\t\t\t\t\t\t\t\t\t\t<a href=\"https:\/\/www.facebook.com\/montanhajoaninhaangolaeouro\"><br \/>\n<img decoding=\"async\" width=\"500\" height=\"500\" src=\"http:\/\/angolaouro.com.br\/wp-content\/uploads\/2025\/05\/do_som_ao_sonho-removebg-preview.png\" alt=\"\" loading=\"lazy\" srcset=\"https:\/\/angolaouro.com.br\/wp-content\/uploads\/2025\/05\/do_som_ao_sonho-removebg-preview.png 500w, https:\/\/angolaouro.com.br\/wp-content\/uploads\/2025\/05\/do_som_ao_sonho-removebg-preview-300x300.png 300w, https:\/\/angolaouro.com.br\/wp-content\/uploads\/2025\/05\/do_som_ao_sonho-removebg-preview-150x150.png 150w\" sizes=\"(max-width: 500px) 100vw, 500px\" \/>\t\t\t\t\t\t\t\t<\/a><\/p>\n<h5>Conhe\u00e7a nosso trabalho social clicando na imagem acima<\/h5>\n<h5>O primeiro \u00e1lbum foi uma grande conquista. Fruto de uma caminhada que teve como parceira a capoeira. A ela devo respeito e obriga\u00e7\u00e3o.<\/h5>\n<p><a href=\"https:\/\/angolaouro.com.br\/index.php\/simples-como-a-capoeira-e\/\"><br \/>\n<img decoding=\"async\" width=\"1024\" height=\"917\" src=\"http:\/\/angolaouro.com.br\/wp-content\/uploads\/2023\/09\/capa-cd-1-1024x917.png\" alt=\"\" loading=\"lazy\" srcset=\"https:\/\/angolaouro.com.br\/wp-content\/uploads\/2023\/09\/capa-cd-1-1024x917.png 1024w, https:\/\/angolaouro.com.br\/wp-content\/uploads\/2023\/09\/capa-cd-1-300x269.png 300w, https:\/\/angolaouro.com.br\/wp-content\/uploads\/2023\/09\/capa-cd-1-768x688.png 768w, https:\/\/angolaouro.com.br\/wp-content\/uploads\/2023\/09\/capa-cd-1-1536x1375.png 1536w, https:\/\/angolaouro.com.br\/wp-content\/uploads\/2023\/09\/capa-cd-1.png 1690w\" sizes=\"(max-width: 1024px) 100vw, 1024px\" \/>\t\t\t\t\t\t\t\t<\/a><br \/>\n<a href=\"https:\/\/angolaouro.com.br\/index.php\/a-dureza-do-sertao\/\"><br \/>\n<img decoding=\"async\" width=\"1024\" height=\"915\" src=\"http:\/\/angolaouro.com.br\/wp-content\/uploads\/2023\/09\/Capa-CD_Dureza-do-Sertao_2023_finalizado_curva-1024x915.png\" alt=\"\" loading=\"lazy\" srcset=\"https:\/\/angolaouro.com.br\/wp-content\/uploads\/2023\/09\/Capa-CD_Dureza-do-Sertao_2023_finalizado_curva-1024x915.png 1024w, https:\/\/angolaouro.com.br\/wp-content\/uploads\/2023\/09\/Capa-CD_Dureza-do-Sertao_2023_finalizado_curva-300x268.png 300w, https:\/\/angolaouro.com.br\/wp-content\/uploads\/2023\/09\/Capa-CD_Dureza-do-Sertao_2023_finalizado_curva-768x686.png 768w, https:\/\/angolaouro.com.br\/wp-content\/uploads\/2023\/09\/Capa-CD_Dureza-do-Sertao_2023_finalizado_curva-1536x1373.png 1536w, https:\/\/angolaouro.com.br\/wp-content\/uploads\/2023\/09\/Capa-CD_Dureza-do-Sertao_2023_finalizado_curva.png 1694w\" sizes=\"(max-width: 1024px) 100vw, 1024px\" \/>\t\t\t\t\t\t\t\t<\/a><\/p>\n<h5>\u00c9 com imensa alegria que apresentamos \u00e0 comunidade da capoeira o segundo \u00e1lbum de Adriano Pedrozo, mais conhecido como Professor Montanha.<\/h5>\n<p><a href=\"https:\/\/www.canva.com\/design\/DAGDJ02cvxg\/DjiAfMP2oiGh98_An6tp-w\/edit?utm_content=DAGDJ02cvxg&#038;utm_campaign=designshare&#038;utm_medium=link2&#038;utm_source=sharebutton%20\"><br \/>\n<img decoding=\"async\" width=\"300\" height=\"287\" src=\"http:\/\/angolaouro.com.br\/wp-content\/uploads\/2025\/05\/LOGO-PORTIFOLIO-300x287.png\" alt=\"\" loading=\"lazy\" srcset=\"https:\/\/angolaouro.com.br\/wp-content\/uploads\/2025\/05\/LOGO-PORTIFOLIO-300x287.png 300w, https:\/\/angolaouro.com.br\/wp-content\/uploads\/2025\/05\/LOGO-PORTIFOLIO.png 712w\" sizes=\"(max-width: 300px) 100vw, 300px\" \/>\t\t\t\t\t\t\t\t<\/a><\/p>\n<style>\/*! elementor-pro - v3.10.2 - 17-01-2023 *\/<br \/>\n.elementor-slides .swiper-slide-bg{background-size:cover;background-position:50%;background-repeat:no-repeat;min-width:100%;min-height:100%}.elementor-slides .swiper-slide-inner{background-repeat:no-repeat;background-position:50%;position:absolute;top:0;left:0;bottom:0;right:0;padding:50px;margin:auto}.elementor-slides .swiper-slide-inner,.elementor-slides .swiper-slide-inner:hover{color:#fff;display:flex}.elementor-slides .swiper-slide-inner .elementor-background-overlay{position:absolute;z-index:0;top:0;bottom:0;left:0;right:0}.elementor-slides .swiper-slide-inner .elementor-slide-content{position:relative;z-index:1;width:100%}.elementor-slides .swiper-slide-inner .elementor-slide-heading{font-size:35px;font-weight:700;line-height:1}.elementor-slides .swiper-slide-inner .elementor-slide-description{font-size:17px;line-height:1.4}.elementor-slides .swiper-slide-inner .elementor-slide-description:not(:last-child),.elementor-slides .swiper-slide-inner .elementor-slide-heading:not(:last-child){margin-bottom:30px}.elementor-slides .swiper-slide-inner .elementor-slide-button{border:2px solid #fff;color:#fff;background:transparent;display:inline-block}.elementor-slides .swiper-slide-inner .elementor-slide-button,.elementor-slides .swiper-slide-inner .elementor-slide-button:hover{background:transparent;color:inherit;text-decoration:none}.elementor--v-position-top .swiper-slide-inner{align-items:flex-start}.elementor--v-position-bottom .swiper-slide-inner{align-items:flex-end}.elementor--v-position-middle .swiper-slide-inner{align-items:center}.elementor--h-position-left .swiper-slide-inner{justify-content:flex-start}.elementor--h-position-right .swiper-slide-inner{justify-content:flex-end}.elementor--h-position-center .swiper-slide-inner{justify-content:center}body.rtl .elementor-widget-slides .elementor-swiper-button-next{left:10px;right:auto}body.rtl .elementor-widget-slides .elementor-swiper-button-prev{right:10px;left:auto}.elementor-slides-wrapper div:not(.swiper-slide)>.swiper-slide-inner{display:none}@media (max-width:767px){.elementor-slides .swiper-slide-inner{padding:30px}.elementor-slides .swiper-slide-inner .elementor-slide-heading{font-size:23px;line-height:1;margin-bottom:15px}.elementor-slides .swiper-slide-inner .elementor-slide-description{font-size:13px;line-height:1.4;margin-bottom:15px}}<\/style>\n<p>\t\t\t\t\t\t\t\t\t\t\t\t\t\tPrevious<br \/>\nNext<br \/>\n<a href=\"https:\/\/www.instagram.com\/adriano.pedrozo.35\"><br \/>\nInstagram<br \/>\n<\/a><br \/>\n<a href=\"https:\/\/www.facebook.com\/montanhajoaninhaangolaeouro\" target=\"_blank\" rel=\"noopener\"><br \/>\nfacebook<br \/>\n<\/a><br \/>\n<a role=\"button\"><br \/>\nWhatsapp<br \/>\n<\/a><br \/>\n<a href=\"https:\/\/www.youtube.com\/@professormontanhaangolaeou9583\"><br \/>\nYoutube<br \/>\n<\/a><\/p>\n","protected":false},"excerpt":{"rendered":"<p>Primeiro verso eu canto a Deus, sempre em forma de respeito. Conhe\u00e7a nosso trabalho social clicando na imagem acima O primeiro \u00e1lbum foi uma grande conquista. Fruto de uma caminhada que teve como parceira a capoeira. A ela devo respeito e obriga\u00e7\u00e3o. \u00c9 com imensa alegria que apresentamos \u00e0 comunidade da capoeira o segundo \u00e1lbum&hellip;&nbsp;<a href=\"https:\/\/angolaouro.com.br\/\" class=\"\" rel=\"bookmark\">Continue a ler &raquo;<span class=\"screen-reader-text\">In\u00edcio<\/span><\/a><\/p>\n","protected":false},"author":1,"featured_media":0,"parent":0,"menu_order":0,"comment_status":"closed","ping_status":"closed","template":"","meta":{"_eb_attr":"","neve_meta_sidebar":"","neve_meta_container":"","neve_meta_enable_content_width":"","neve_meta_content_width":0,"neve_meta_title_alignment":"","neve_meta_author_avatar":"","neve_post_elements_order":"","neve_meta_disable_header":"","neve_meta_disable_footer":"","neve_meta_disable_title":"","footnotes":""},"_links":{"self":[{"href":"https:\/\/angolaouro.com.br\/index.php\/wp-json\/wp\/v2\/pages\/8"}],"collection":[{"href":"https:\/\/angolaouro.com.br\/index.php\/wp-json\/wp\/v2\/pages"}],"about":[{"href":"https:\/\/angolaouro.com.br\/index.php\/wp-json\/wp\/v2\/types\/page"}],"author":[{"embeddable":true,"href":"https:\/\/angolaouro.com.br\/index.php\/wp-json\/wp\/v2\/users\/1"}],"replies":[{"embeddable":true,"href":"https:\/\/angolaouro.com.br\/index.php\/wp-json\/wp\/v2\/comments?post=8"}],"version-history":[{"count":142,"href":"https:\/\/angolaouro.com.br\/index.php\/wp-json\/wp\/v2\/pages\/8\/revisions"}],"predecessor-version":[{"id":769,"href":"https:\/\/angolaouro.com.br\/index.php\/wp-json\/wp\/v2\/pages\/8\/revisions\/769"}],"wp:attachment":[{"href":"https:\/\/angolaouro.com.br\/index.php\/wp-json\/wp\/v2\/media?parent=8"}],"curies":[{"name":"wp","href":"https:\/\/api.w.org\/{rel}","templated":true}]}}