{"id":219,"date":"2023-09-05T23:08:42","date_gmt":"2023-09-06T02:08:42","guid":{"rendered":"https:\/\/angolaouro.com.br\/?page_id=219"},"modified":"2023-09-30T14:58:31","modified_gmt":"2023-09-30T17:58:31","slug":"a-dureza-do-sertao","status":"publish","type":"page","link":"https:\/\/angolaouro.com.br\/index.php\/a-dureza-do-sertao\/","title":{"rendered":"A Dureza do Sert\u00e3o"},"content":{"rendered":"\t\t<div data-elementor-type=\"wp-page\" data-elementor-id=\"219\" class=\"elementor elementor-219\">\n\t\t\t\t\t\t\t\t\t<section class=\"elementor-section elementor-top-section elementor-element elementor-element-d80297b elementor-section-boxed elementor-section-height-default elementor-section-height-default wpr-particle-no wpr-jarallax-no wpr-parallax-no wpr-sticky-section-no\" data-id=\"d80297b\" data-element_type=\"section\">\n\t\t\t\t\t\t<div class=\"elementor-container elementor-column-gap-default\">\n\t\t\t\t\t<div class=\"elementor-column elementor-col-100 elementor-top-column elementor-element elementor-element-3376f1b\" data-id=\"3376f1b\" data-element_type=\"column\">\n\t\t\t<div class=\"elementor-widget-wrap elementor-element-populated\">\n\t\t\t\t\t\t\t\t<div class=\"elementor-element elementor-element-4c1c869 elementor-widget elementor-widget-image\" data-id=\"4c1c869\" data-element_type=\"widget\" data-widget_type=\"image.default\">\n\t\t\t\t<div class=\"elementor-widget-container\">\n\t\t\t<style>\/*! elementor - v3.15.0 - 20-08-2023 *\/\n.elementor-widget-image{text-align:center}.elementor-widget-image a{display:inline-block}.elementor-widget-image a img[src$=\".svg\"]{width:48px}.elementor-widget-image img{vertical-align:middle;display:inline-block}<\/style>\t\t\t\t\t\t\t\t\t\t\t\t<img decoding=\"async\" loading=\"lazy\" width=\"1024\" height=\"683\" src=\"https:\/\/angolaouro.com.br\/wp-content\/uploads\/2023\/09\/IMG_5669-1-1024x683.jpg\" class=\"attachment-large size-large wp-image-68\" alt=\"\" srcset=\"https:\/\/angolaouro.com.br\/wp-content\/uploads\/2023\/09\/IMG_5669-1-1024x683.jpg 1024w, https:\/\/angolaouro.com.br\/wp-content\/uploads\/2023\/09\/IMG_5669-1-300x200.jpg 300w, https:\/\/angolaouro.com.br\/wp-content\/uploads\/2023\/09\/IMG_5669-1-768x512.jpg 768w, https:\/\/angolaouro.com.br\/wp-content\/uploads\/2023\/09\/IMG_5669-1-1536x1024.jpg 1536w, https:\/\/angolaouro.com.br\/wp-content\/uploads\/2023\/09\/IMG_5669-1-2048x1365.jpg 2048w, https:\/\/angolaouro.com.br\/wp-content\/uploads\/2023\/09\/IMG_5669-1-930x620.jpg 930w\" sizes=\"(max-width: 1024px) 100vw, 1024px\" \/>\t\t\t\t\t\t\t\t\t\t\t\t\t\t\t<\/div>\n\t\t\t\t<\/div>\n\t\t\t\t\t<\/div>\n\t\t<\/div>\n\t\t\t\t\t\t\t<\/div>\n\t\t<\/section>\n\t\t\t\t<section class=\"elementor-section elementor-top-section elementor-element elementor-element-54341c8 elementor-section-boxed elementor-section-height-default elementor-section-height-default wpr-particle-no wpr-jarallax-no wpr-parallax-no wpr-sticky-section-no\" data-id=\"54341c8\" data-element_type=\"section\">\n\t\t\t\t\t\t<div class=\"elementor-container elementor-column-gap-default\">\n\t\t\t\t\t<div class=\"elementor-column elementor-col-50 elementor-top-column elementor-element elementor-element-4e1bf7e\" data-id=\"4e1bf7e\" data-element_type=\"column\">\n\t\t\t<div class=\"elementor-widget-wrap elementor-element-populated\">\n\t\t\t\t\t\t\t\t<div class=\"elementor-element elementor-element-3433469 elementor-widget elementor-widget-image\" data-id=\"3433469\" data-element_type=\"widget\" data-widget_type=\"image.default\">\n\t\t\t\t<div class=\"elementor-widget-container\">\n\t\t\t\t\t\t\t\t\t\t\t\t\t\t\t<img decoding=\"async\" loading=\"lazy\" width=\"1024\" height=\"683\" src=\"https:\/\/angolaouro.com.br\/wp-content\/uploads\/2023\/09\/IMG_5687-1-1-1024x683.jpg\" class=\"attachment-large size-large wp-image-442\" alt=\"\" srcset=\"https:\/\/angolaouro.com.br\/wp-content\/uploads\/2023\/09\/IMG_5687-1-1-1024x683.jpg 1024w, https:\/\/angolaouro.com.br\/wp-content\/uploads\/2023\/09\/IMG_5687-1-1-300x200.jpg 300w, https:\/\/angolaouro.com.br\/wp-content\/uploads\/2023\/09\/IMG_5687-1-1-768x512.jpg 768w, https:\/\/angolaouro.com.br\/wp-content\/uploads\/2023\/09\/IMG_5687-1-1-1536x1024.jpg 1536w, https:\/\/angolaouro.com.br\/wp-content\/uploads\/2023\/09\/IMG_5687-1-1-2048x1365.jpg 2048w, https:\/\/angolaouro.com.br\/wp-content\/uploads\/2023\/09\/IMG_5687-1-1-930x620.jpg 930w\" sizes=\"(max-width: 1024px) 100vw, 1024px\" \/>\t\t\t\t\t\t\t\t\t\t\t\t\t\t\t<\/div>\n\t\t\t\t<\/div>\n\t\t\t\t\t<\/div>\n\t\t<\/div>\n\t\t\t\t<div class=\"elementor-column elementor-col-50 elementor-top-column elementor-element elementor-element-c503296\" data-id=\"c503296\" data-element_type=\"column\">\n\t\t\t<div class=\"elementor-widget-wrap elementor-element-populated\">\n\t\t\t\t\t\t\t\t<div class=\"elementor-element elementor-element-5740c98 elementor-widget elementor-widget-text-editor\" data-id=\"5740c98\" data-element_type=\"widget\" data-widget_type=\"text-editor.default\">\n\t\t\t\t<div class=\"elementor-widget-container\">\n\t\t\t<style>\/*! elementor - v3.15.0 - 20-08-2023 *\/\n.elementor-widget-text-editor.elementor-drop-cap-view-stacked .elementor-drop-cap{background-color:#69727d;color:#fff}.elementor-widget-text-editor.elementor-drop-cap-view-framed .elementor-drop-cap{color:#69727d;border:3px solid;background-color:transparent}.elementor-widget-text-editor:not(.elementor-drop-cap-view-default) .elementor-drop-cap{margin-top:8px}.elementor-widget-text-editor:not(.elementor-drop-cap-view-default) .elementor-drop-cap-letter{width:1em;height:1em}.elementor-widget-text-editor .elementor-drop-cap{float:left;text-align:center;line-height:1;font-size:50px}.elementor-widget-text-editor .elementor-drop-cap-letter{display:inline-block}<\/style>\t\t\t\t<h5 style=\"text-align: center;\">A Capoeira \u00e9 uma fam\u00edlia, e com essa fam\u00edlia compartilho o que a capoeira me trouxe.<\/h5><h5 style=\"text-align: center;\">Agrade\u00e7o a todos que colaboraram para que esse trabalho fosse realizado.<\/h5><h5 style=\"text-align: center;\">A Dureza do Sert\u00e3o \u00e9 esse aprendizado di\u00e1rio.\u00a0<\/h5>\t\t\t\t\t\t<\/div>\n\t\t\t\t<\/div>\n\t\t\t\t\t<\/div>\n\t\t<\/div>\n\t\t\t\t\t\t\t<\/div>\n\t\t<\/section>\n\t\t\t\t<section class=\"elementor-section elementor-top-section elementor-element elementor-element-eec8da0 elementor-section-boxed elementor-section-height-default elementor-section-height-default wpr-particle-no wpr-jarallax-no wpr-parallax-no wpr-sticky-section-no\" data-id=\"eec8da0\" data-element_type=\"section\">\n\t\t\t\t\t\t<div class=\"elementor-container elementor-column-gap-default\">\n\t\t\t\t\t<div class=\"elementor-column elementor-col-100 elementor-top-column elementor-element elementor-element-29f5ebf\" data-id=\"29f5ebf\" data-element_type=\"column\" data-settings=\"{&quot;background_background&quot;:&quot;classic&quot;}\">\n\t\t\t<div class=\"elementor-widget-wrap elementor-element-populated\">\n\t\t\t\t\t\t\t\t<div class=\"elementor-element elementor-element-7dd9490 elementor-widget elementor-widget-slide-music-player-free\" data-id=\"7dd9490\" data-element_type=\"widget\" data-widget_type=\"slide-music-player-free.default\">\n\t\t\t\t<div class=\"elementor-widget-container\">\n\t\t\t\n\t\t<div class=\"swp_music_player clearfix\" id=\"mpfe_69e73d12a808e\" data-autoplay=\"no\" data-playmode=\"repeat\" data-stopplaylistend=\"no\" data-repeatmode=\"unset\" data-playerimg=\"http:\/\/angolaouro.com.br\/wp-content\/uploads\/2023\/09\/IMG_5834-1-scaled.jpg\">\n\t\t\t<div class=\"music_player_left mp_ar_tall\">\n\t\t\t\t<div class=\"album_left_overlay lc_swp_overlay\"><\/div>\n\t\t\t<\/div>\n\n\t\t\t<div class=\"music_player_right mp_ar_tall\">\n\t\t\t\t<div class=\"album_right_overlay lc_swp_overlay\"><\/div>\n\n\n\t\t\t\t\n\t\t<div class=\"swp_player_bottom show_on_playlist_top\">\n\t\t\t<div class=\"swp_player_bottom_inner\">\n\t\t\t\t\n\t\t\t\t<div class=\"swp_current_play\">\n\t\t\t\t\t<div class=\"before_current_song_name\">Playing<\/div>\n\t\t\t\t\t<div class=\"current_song_name\"><\/div>\n\t\t\t\t<\/div>\n\n\t\t\t\t<div class=\"swp_player_controls\">\n\t\t\t\t\t\t\t\t\t\t<a href=\"#!\" class=\"mpfe-sr-helper\">\n\t\t\t\t\t\t<i class=\"fas fa-step-backward\"><\/i>\n\t\t\t\t\t\t<span class=\"visually-hidden\">Previous Song<\/span>\n\t\t\t\t\t<\/a>\n\t\t\t\t\t<a href=\"#!\" class=\"mpfe-sr-helper\">\n\t\t\t\t\t\t<i class=\"fas fa-play player_play\"><\/i>\n\t\t\t\t\t\t<span class=\"visually-hidden\">Play<\/span>\n\t\t\t\t\t<\/a>\n\t\t\t\t\t<a href=\"#!\" class=\"mpfe-sr-helper\">\n\t\t\t\t\t\t<i class=\"fas fa-pause display_none\"><\/i>\n\t\t\t\t\t\t<span class=\"visually-hidden\">Pause<\/span>\n\t\t\t\t\t<\/a>\n\t\t\t\t\t<a href=\"#!\" class=\"mpfe-sr-helper\">\n\t\t\t\t\t\t<i class=\"fas fa-step-forward\"><\/i>\n\t\t\t\t\t\t<span class=\"visually-hidden\">Next Song<\/span>\n\t\t\t\t\t<\/a>\n\t\t\t\t\t\t\t\t\t<\/div>\n\n\t\t\t\t<div class=\"swp_timeline\">\n\t\t\t\t\t<span class=\"song_current_progress\"><\/span>\n\t\t\t\t\t<span class=\"player_duration_sep\">&#47;<\/span>\n\t\t\t\t\t<span class=\"song_duration\"><\/span>\n\t\t\t\t<\/div>\n\n\t\t\t\t\t\t\t\t<div class=\"smc_player_progress_bar show_on_bottom\">\n\t\t\t\t\t<div class=\"player_time_slider_base\"><\/div>\n\t\t\t\t\t<div class=\"player_time_slider\"><\/div>\n\t\t\t\t<\/div>\n\t\t\t\t\t\t\t<\/div>\n\t\t<\/div>\n\t\t\n\t\t\t\t\n\t\t\t\t<div class=\"swp_player_content controls_on_playlist_top\">\n\t\t\t\t\t\n\t\t<div class=\"swp_music_player_entry clearfix\" data-mediafile=\"http:\/\/angolaouro.com.br\/wp-content\/uploads\/2023\/09\/5-Meu-fio-la-vem-o-homi.mp3\" data-trackimg=\"\">\n\t\t\t<span class=\"swp_song_details player_entry_left\">\n\t\t\t\t<span class=\"play_icon\">\n\t\t\t\t\t<i class=\"fas fa-play before_song\"><\/i>\n\t\t\t\t<\/span>\n\t\t\t\t<span class=\"player_song_name transition3\">\n\t\t\t\t\tMeu fio l\u00e1 vem o homi\t\t\t\t<\/span>\n\t\t\t<\/span>\n\n\t\t\t<span class=\"entry_duration mpfe_fix_lh\"><\/span>\t\t\n\n\t\t\t<span class=\"song_buy_icons transition3 mobile_visibility_hide icons_pos_mobile_\">\n\t\t\t\t\t\t\t\t\t\t\t\t\t\t\t\t\t\t\t<\/span>\n\t\t<\/div>\n\n\t\t\n\t\t<div class=\"swp_music_player_entry clearfix\" data-mediafile=\"http:\/\/angolaouro.com.br\/wp-content\/uploads\/2023\/09\/14-Do-couro-de-um-bom-cabrito.mp3\" data-trackimg=\"\">\n\t\t\t<span class=\"swp_song_details player_entry_left\">\n\t\t\t\t<span class=\"play_icon\">\n\t\t\t\t\t<i class=\"fas fa-play before_song\"><\/i>\n\t\t\t\t<\/span>\n\t\t\t\t<span class=\"player_song_name transition3\">\n\t\t\t\t\tDo couro de um bom cabrito\t\t\t\t<\/span>\n\t\t\t<\/span>\n\n\t\t\t<span class=\"entry_duration mpfe_fix_lh\"><\/span>\t\t\n\n\t\t\t<span class=\"song_buy_icons transition3 mobile_visibility_hide icons_pos_mobile_\">\n\t\t\t\t\t\t\t\t\t\t\t\t\t\t\t\t\t\t\t<\/span>\n\t\t<\/div>\n\n\t\t\n\t\t<div class=\"swp_music_player_entry clearfix\" data-mediafile=\"http:\/\/angolaouro.com.br\/wp-content\/uploads\/2023\/09\/15-Nao-tinha-como-ser-livre.mp3\" data-trackimg=\"\">\n\t\t\t<span class=\"swp_song_details player_entry_left\">\n\t\t\t\t<span class=\"play_icon\">\n\t\t\t\t\t<i class=\"fas fa-play before_song\"><\/i>\n\t\t\t\t<\/span>\n\t\t\t\t<span class=\"player_song_name transition3\">\n\t\t\t\t\tN\u00e3o tinha como ser livre\t\t\t\t<\/span>\n\t\t\t<\/span>\n\n\t\t\t<span class=\"entry_duration mpfe_fix_lh\"><\/span>\t\t\n\n\t\t\t<span class=\"song_buy_icons transition3 mobile_visibility_hide icons_pos_mobile_\">\n\t\t\t\t\t\t\t\t\t\t\t\t\t\t\t\t\t\t\t<\/span>\n\t\t<\/div>\n\n\t\t\t\t\t\t<\/div>\n\t\t\t\t\t\n\n\t\t\t\t\t\t<div class=\"swp_player_top\">\n\t\t\t<div class=\"player_top_content\">\n\t\t\t\t\n\t\t\t\t<div class=\"swp_player_title\">\n\t\t\t\t\t\t\t\t\t<\/div>\n\t\t\t<\/div>\n\n\t\t\t\t\t<\/div>\n\t\t\n\t\t\t\t\t\t\t<\/div>\n\n\t\t\t\t\t<\/div>\n\n\t\t\t<\/div>\n\t\t\t\t<\/div>\n\t\t\t\t\t<\/div>\n\t\t<\/div>\n\t\t\t\t\t\t\t<\/div>\n\t\t<\/section>\n\t\t\t\t<section class=\"elementor-section elementor-top-section elementor-element elementor-element-f747da4 elementor-section-boxed elementor-section-height-default elementor-section-height-default wpr-particle-no wpr-jarallax-no wpr-parallax-no wpr-sticky-section-no\" data-id=\"f747da4\" data-element_type=\"section\">\n\t\t\t\t\t\t<div class=\"elementor-container elementor-column-gap-default\">\n\t\t\t\t\t<div class=\"elementor-column elementor-col-100 elementor-top-column elementor-element elementor-element-85621bf\" data-id=\"85621bf\" data-element_type=\"column\">\n\t\t\t<div class=\"elementor-widget-wrap elementor-element-populated\">\n\t\t\t\t\t\t\t\t<div class=\"elementor-element elementor-element-ece5f5c elementor-widget elementor-widget-heading\" data-id=\"ece5f5c\" data-element_type=\"widget\" data-widget_type=\"heading.default\">\n\t\t\t\t<div class=\"elementor-widget-container\">\n\t\t\t<style>\/*! elementor - v3.15.0 - 20-08-2023 *\/\n.elementor-heading-title{padding:0;margin:0;line-height:1}.elementor-widget-heading .elementor-heading-title[class*=elementor-size-]>a{color:inherit;font-size:inherit;line-height:inherit}.elementor-widget-heading .elementor-heading-title.elementor-size-small{font-size:15px}.elementor-widget-heading .elementor-heading-title.elementor-size-medium{font-size:19px}.elementor-widget-heading .elementor-heading-title.elementor-size-large{font-size:29px}.elementor-widget-heading .elementor-heading-title.elementor-size-xl{font-size:39px}.elementor-widget-heading .elementor-heading-title.elementor-size-xxl{font-size:59px}<\/style><h4 class=\"elementor-heading-title elementor-size-default\">Para obter os arquivos de \u00e1udio em MP3, entre em contato clicando no bot\u00e3o abaixo:<\/h4>\t\t<\/div>\n\t\t\t\t<\/div>\n\t\t\t\t<div class=\"elementor-element elementor-element-d9bd57f elementor-align-center elementor-widget elementor-widget-button\" data-id=\"d9bd57f\" data-element_type=\"widget\" data-widget_type=\"button.default\">\n\t\t\t\t<div class=\"elementor-widget-container\">\n\t\t\t\t\t<div class=\"elementor-button-wrapper\">\n\t\t\t<a class=\"elementor-button elementor-button-link elementor-size-sm\" href=\"https:\/\/api.whatsapp.com\/send?phone=+5517992561967\">\n\t\t\t\t\t\t<span class=\"elementor-button-content-wrapper\">\n\t\t\t\t\t\t<span class=\"elementor-button-icon elementor-align-icon-left\">\n\t\t\t\t<i aria-hidden=\"true\" class=\"fab fa-whatsapp\"><\/i>\t\t\t<\/span>\n\t\t\t\t\t\t<span class=\"elementor-button-text\">Whatsapp<\/span>\n\t\t<\/span>\n\t\t\t\t\t<\/a>\n\t\t<\/div>\n\t\t\t\t<\/div>\n\t\t\t\t<\/div>\n\t\t\t\t\t<\/div>\n\t\t<\/div>\n\t\t\t\t\t\t\t<\/div>\n\t\t<\/section>\n\t\t\t\t<section class=\"elementor-section elementor-top-section elementor-element elementor-element-d561441 elementor-section-boxed elementor-section-height-default elementor-section-height-default wpr-particle-no wpr-jarallax-no wpr-parallax-no wpr-sticky-section-no\" data-id=\"d561441\" data-element_type=\"section\">\n\t\t\t\t\t\t<div class=\"elementor-container elementor-column-gap-default\">\n\t\t\t\t\t<div class=\"elementor-column elementor-col-50 elementor-top-column elementor-element elementor-element-504c0e1\" data-id=\"504c0e1\" data-element_type=\"column\">\n\t\t\t<div class=\"elementor-widget-wrap elementor-element-populated\">\n\t\t\t\t\t\t\t\t<div class=\"elementor-element elementor-element-991e15f elementor-widget elementor-widget-image\" data-id=\"991e15f\" data-element_type=\"widget\" data-widget_type=\"image.default\">\n\t\t\t\t<div class=\"elementor-widget-container\">\n\t\t\t\t\t\t\t\t\t\t\t\t\t\t\t<img decoding=\"async\" loading=\"lazy\" width=\"1024\" height=\"683\" src=\"https:\/\/angolaouro.com.br\/wp-content\/uploads\/2023\/09\/IMG_5794-1-1024x683.jpg\" class=\"attachment-large size-large wp-image-457\" alt=\"\" srcset=\"https:\/\/angolaouro.com.br\/wp-content\/uploads\/2023\/09\/IMG_5794-1-1024x683.jpg 1024w, https:\/\/angolaouro.com.br\/wp-content\/uploads\/2023\/09\/IMG_5794-1-300x200.jpg 300w, https:\/\/angolaouro.com.br\/wp-content\/uploads\/2023\/09\/IMG_5794-1-768x512.jpg 768w, https:\/\/angolaouro.com.br\/wp-content\/uploads\/2023\/09\/IMG_5794-1-1536x1024.jpg 1536w, https:\/\/angolaouro.com.br\/wp-content\/uploads\/2023\/09\/IMG_5794-1-2048x1365.jpg 2048w, https:\/\/angolaouro.com.br\/wp-content\/uploads\/2023\/09\/IMG_5794-1-930x620.jpg 930w\" sizes=\"(max-width: 1024px) 100vw, 1024px\" \/>\t\t\t\t\t\t\t\t\t\t\t\t\t\t\t<\/div>\n\t\t\t\t<\/div>\n\t\t\t\t\t<\/div>\n\t\t<\/div>\n\t\t\t\t<div class=\"elementor-column elementor-col-50 elementor-top-column elementor-element elementor-element-c72a468\" data-id=\"c72a468\" data-element_type=\"column\">\n\t\t\t<div class=\"elementor-widget-wrap elementor-element-populated\">\n\t\t\t\t\t\t\t\t<div class=\"elementor-element elementor-element-8bc04b9 elementor-widget elementor-widget-image\" data-id=\"8bc04b9\" data-element_type=\"widget\" data-widget_type=\"image.default\">\n\t\t\t\t<div class=\"elementor-widget-container\">\n\t\t\t\t\t\t\t\t\t\t\t\t\t\t\t<img decoding=\"async\" loading=\"lazy\" width=\"1024\" height=\"683\" src=\"https:\/\/angolaouro.com.br\/wp-content\/uploads\/2023\/09\/IMG_5734-1-1024x683.jpg\" class=\"attachment-large size-large wp-image-63\" alt=\"\" srcset=\"https:\/\/angolaouro.com.br\/wp-content\/uploads\/2023\/09\/IMG_5734-1-1024x683.jpg 1024w, https:\/\/angolaouro.com.br\/wp-content\/uploads\/2023\/09\/IMG_5734-1-300x200.jpg 300w, https:\/\/angolaouro.com.br\/wp-content\/uploads\/2023\/09\/IMG_5734-1-768x512.jpg 768w, https:\/\/angolaouro.com.br\/wp-content\/uploads\/2023\/09\/IMG_5734-1-1536x1024.jpg 1536w, https:\/\/angolaouro.com.br\/wp-content\/uploads\/2023\/09\/IMG_5734-1-2048x1365.jpg 2048w, https:\/\/angolaouro.com.br\/wp-content\/uploads\/2023\/09\/IMG_5734-1-930x620.jpg 930w\" sizes=\"(max-width: 1024px) 100vw, 1024px\" \/>\t\t\t\t\t\t\t\t\t\t\t\t\t\t\t<\/div>\n\t\t\t\t<\/div>\n\t\t\t\t\t<\/div>\n\t\t<\/div>\n\t\t\t\t\t\t\t<\/div>\n\t\t<\/section>\n\t\t\t\t<section class=\"elementor-section elementor-top-section elementor-element elementor-element-38de6c6 elementor-section-boxed elementor-section-height-default elementor-section-height-default wpr-particle-no wpr-jarallax-no wpr-parallax-no wpr-sticky-section-no\" data-id=\"38de6c6\" data-element_type=\"section\">\n\t\t\t\t\t\t<div class=\"elementor-container elementor-column-gap-default\">\n\t\t\t\t\t<div class=\"elementor-column elementor-col-100 elementor-top-column elementor-element elementor-element-80d5c4a\" data-id=\"80d5c4a\" data-element_type=\"column\">\n\t\t\t<div class=\"elementor-widget-wrap elementor-element-populated\">\n\t\t\t\t\t\t\t\t<div class=\"elementor-element elementor-element-304a10c elementor-widget elementor-widget-video\" data-id=\"304a10c\" data-element_type=\"widget\" data-settings=\"{&quot;youtube_url&quot;:&quot;https:\\\/\\\/youtu.be\\\/86vkz2IFYCs&quot;,&quot;video_type&quot;:&quot;youtube&quot;,&quot;controls&quot;:&quot;yes&quot;}\" data-widget_type=\"video.default\">\n\t\t\t\t<div class=\"elementor-widget-container\">\n\t\t\t<style>\/*! elementor - v3.15.0 - 20-08-2023 *\/\n.elementor-widget-video .elementor-widget-container{overflow:hidden;transform:translateZ(0)}.elementor-widget-video .elementor-wrapper{aspect-ratio:var(--video-aspect-ratio)}.elementor-widget-video .elementor-wrapper iframe,.elementor-widget-video .elementor-wrapper video{height:100%;width:100%;display:flex;border:none;background-color:#000}@supports not (aspect-ratio:1\/1){.elementor-widget-video .elementor-wrapper{position:relative;overflow:hidden;height:0;padding-bottom:calc(100% \/ var(--video-aspect-ratio))}.elementor-widget-video .elementor-wrapper iframe,.elementor-widget-video .elementor-wrapper video{position:absolute;top:0;right:0;bottom:0;left:0}}.elementor-widget-video .elementor-open-inline .elementor-custom-embed-image-overlay{position:absolute;top:0;right:0;bottom:0;left:0;background-size:cover;background-position:50%}.elementor-widget-video .elementor-custom-embed-image-overlay{cursor:pointer;text-align:center}.elementor-widget-video .elementor-custom-embed-image-overlay:hover .elementor-custom-embed-play i{opacity:1}.elementor-widget-video .elementor-custom-embed-image-overlay img{display:block;width:100%;aspect-ratio:var(--video-aspect-ratio);-o-object-fit:cover;object-fit:cover;-o-object-position:center center;object-position:center center}@supports not (aspect-ratio:1\/1){.elementor-widget-video .elementor-custom-embed-image-overlay{position:relative;overflow:hidden;height:0;padding-bottom:calc(100% \/ var(--video-aspect-ratio))}.elementor-widget-video .elementor-custom-embed-image-overlay img{position:absolute;top:0;right:0;bottom:0;left:0}}.elementor-widget-video .e-hosted-video .elementor-video{-o-object-fit:cover;object-fit:cover}.e-con-inner>.elementor-widget-video,.e-con>.elementor-widget-video{width:var(--container-widget-width);--flex-grow:var(--container-widget-flex-grow)}<\/style>\t\t<div class=\"elementor-wrapper elementor-open-inline\">\n\t\t\t<div class=\"elementor-video\"><\/div>\t\t<\/div>\n\t\t\t\t<\/div>\n\t\t\t\t<\/div>\n\t\t\t\t\t<\/div>\n\t\t<\/div>\n\t\t\t\t\t\t\t<\/div>\n\t\t<\/section>\n\t\t\t\t\t\t\t<\/div>\n\t\t","protected":false},"excerpt":{"rendered":"<p>A Capoeira \u00e9 uma fam\u00edlia, e com essa fam\u00edlia compartilho o que a capoeira me trouxe. Agrade\u00e7o a todos que colaboraram para que esse trabalho fosse realizado. A Dureza do Sert\u00e3o \u00e9 esse aprendizado di\u00e1rio.\u00a0 Playing Previous Song Play Pause Next Song &#47; Meu fio l\u00e1 vem o homi Do couro de um bom cabrito&hellip;&nbsp;<a href=\"https:\/\/angolaouro.com.br\/index.php\/a-dureza-do-sertao\/\" class=\"\" rel=\"bookmark\">Continue a ler &raquo;<span class=\"screen-reader-text\">A Dureza do Sert\u00e3o<\/span><\/a><\/p>\n","protected":false},"author":1,"featured_media":0,"parent":0,"menu_order":0,"comment_status":"closed","ping_status":"closed","template":"page-templates\/template-pagebuilder-full-width.php","meta":{"_eb_attr":"","neve_meta_sidebar":"","neve_meta_container":"","neve_meta_enable_content_width":"","neve_meta_content_width":0,"neve_meta_title_alignment":"","neve_meta_author_avatar":"","neve_post_elements_order":"","neve_meta_disable_header":"","neve_meta_disable_footer":"","neve_meta_disable_title":"","footnotes":""},"_links":{"self":[{"href":"https:\/\/angolaouro.com.br\/index.php\/wp-json\/wp\/v2\/pages\/219"}],"collection":[{"href":"https:\/\/angolaouro.com.br\/index.php\/wp-json\/wp\/v2\/pages"}],"about":[{"href":"https:\/\/angolaouro.com.br\/index.php\/wp-json\/wp\/v2\/types\/page"}],"author":[{"embeddable":true,"href":"https:\/\/angolaouro.com.br\/index.php\/wp-json\/wp\/v2\/users\/1"}],"replies":[{"embeddable":true,"href":"https:\/\/angolaouro.com.br\/index.php\/wp-json\/wp\/v2\/comments?post=219"}],"version-history":[{"count":77,"href":"https:\/\/angolaouro.com.br\/index.php\/wp-json\/wp\/v2\/pages\/219\/revisions"}],"predecessor-version":[{"id":735,"href":"https:\/\/angolaouro.com.br\/index.php\/wp-json\/wp\/v2\/pages\/219\/revisions\/735"}],"wp:attachment":[{"href":"https:\/\/angolaouro.com.br\/index.php\/wp-json\/wp\/v2\/media?parent=219"}],"curies":[{"name":"wp","href":"https:\/\/api.w.org\/{rel}","templated":true}]}}